{"id":346,"date":"2025-08-30T19:04:01","date_gmt":"2025-08-30T19:04:01","guid":{"rendered":"https:\/\/jessence.hu\/?post_type=product&#038;p=346"},"modified":"2025-08-30T19:04:47","modified_gmt":"2025-08-30T19:04:47","slug":"noi-ezust-medal-monogramos-sziv","status":"publish","type":"product","link":"https:\/\/jessence.hu\/en\/product\/noi-ezust-medal-monogramos-sziv\/","title":{"rendered":"N\u0151i ez\u00fcst med\u00e1l &#8211; Monogramos sz\u00edv"},"content":{"rendered":"<p><strong>Egyedi Monogramos Nyakl\u00e1nc \u2013 14 kar\u00e1tos aranyb\u00f3l vagy ez\u00fcstb\u0151l<\/strong> Fedezze fel az elegancia \u00e9s szem\u00e9lyess\u00e9g t\u00f6k\u00e9letes harm\u00f3ni\u00e1j\u00e1t ezzel az egyedi tervez\u00e9s\u0171, sz\u00edv alak\u00fa nyakl\u00e1nccal, amely gy\u00f6ny\u00f6r\u0171, \u00e1g-mot\u00edvumos d\u00edsz\u00edt\u00e9ssel \u00e9s szem\u00e9lyre szabhat\u00f3 monogrammal k\u00e9sz\u00fcl. V\u00e1laszthat\u00f3 14 kar\u00e1tos arany vagy csillog\u00f3 ez\u00fcst kivitelben, ez a kifinomult \u00e9kszer t\u00f6k\u00e9letes aj\u00e1nd\u00e9k lehet k\u00fcl\u00f6nleges alkalmakra, vagy az \u00d6n saj\u00e1t st\u00edlus\u00e1nak m\u00e9lt\u00f3 kieg\u00e9sz\u00edt\u0151je. A nyakl\u00e1nc figyelemre m\u00e9lt\u00f3 precizit\u00e1ssal \u00e9s gondoss\u00e1ggal, \u00edgy garant\u00e1ltan id\u0151t\u00e1ll\u00f3 sz\u00e9ps\u00e9ggel b\u00edr. Az egyedi monogram szem\u00e9lyes jelent\u00e9st ad az \u00e9kszernek, amely \u00edgy nem csup\u00e1n d\u00edsz, hanem k\u00fcl\u00f6nleges eml\u00e9k is lesz. Ragadja meg az \u00f6r\u00f6kk\u00e9val\u00f3s\u00e1g egy darabj\u00e1t, \u00e9s viselje sz\u00edv\u00e9hez k\u00f6zel azt, ami igaz\u00e1n fontos.<\/p>","protected":false},"excerpt":{"rendered":"<p>Egyedi Monogramos Nyakl\u00e1nc \u2013 14 kar\u00e1tos aranyb\u00f3l vagy ez\u00fcstb\u0151l Fedezze fel az elegancia \u00e9s szem\u00e9lyess\u00e9g t\u00f6k\u00e9letes harm\u00f3ni\u00e1j\u00e1t ezzel az egyedi tervez\u00e9s\u0171, sz\u00edv alak\u00fa nyakl\u00e1nccal, amely gy\u00f6ny\u00f6r\u0171, \u00e1g-mot\u00edvumos d\u00edsz\u00edt\u00e9ssel \u00e9s szem\u00e9lyre szabhat\u00f3 monogrammal k\u00e9sz\u00fcl. V\u00e1laszthat\u00f3 14 kar\u00e1tos arany vagy csillog\u00f3 ez\u00fcst kivitelben, ez a kifinomult \u00e9kszer t\u00f6k\u00e9letes aj\u00e1nd\u00e9k lehet k\u00fcl\u00f6nleges alkalmakra, vagy az \u00d6n saj\u00e1t st\u00edlus\u00e1nak [&hellip;]<\/p>","protected":false},"featured_media":389,"comment_status":"open","ping_status":"closed","template":"","meta":{"_acf_changed":false,"_seopress_robots_primary_cat":"none","_seopress_titles_title":"","_seopress_titles_desc":"","_seopress_robots_index":""},"product_brand":[],"product_cat":[25,29,28],"product_tag":[],"class_list":{"0":"post-346","1":"product","2":"type-product","3":"status-publish","4":"has-post-thumbnail","6":"product_cat-noi-ekszer","7":"product_cat-noi-ezust-medal","8":"product_cat-noi-medalok","10":"first","11":"instock","12":"taxable","13":"shipping-taxable","14":"purchasable","15":"product-type-simple"},"acf":[],"_links":{"self":[{"href":"https:\/\/jessence.hu\/en\/wp-json\/wp\/v2\/product\/346","targetHints":{"allow":["GET"]}}],"collection":[{"href":"https:\/\/jessence.hu\/en\/wp-json\/wp\/v2\/product"}],"about":[{"href":"https:\/\/jessence.hu\/en\/wp-json\/wp\/v2\/types\/product"}],"replies":[{"embeddable":true,"href":"https:\/\/jessence.hu\/en\/wp-json\/wp\/v2\/comments?post=346"}],"wp:featuredmedia":[{"embeddable":true,"href":"https:\/\/jessence.hu\/en\/wp-json\/wp\/v2\/media\/389"}],"wp:attachment":[{"href":"https:\/\/jessence.hu\/en\/wp-json\/wp\/v2\/media?parent=346"}],"wp:term":[{"taxonomy":"product_brand","embeddable":true,"href":"https:\/\/jessence.hu\/en\/wp-json\/wp\/v2\/product_brand?post=346"},{"taxonomy":"product_cat","embeddable":true,"href":"https:\/\/jessence.hu\/en\/wp-json\/wp\/v2\/product_cat?post=346"},{"taxonomy":"product_tag","embeddable":true,"href":"https:\/\/jessence.hu\/en\/wp-json\/wp\/v2\/product_tag?post=346"}],"curies":[{"name":"wp","href":"https:\/\/api.w.org\/{rel}","templated":true}]}}