{"id":345,"date":"2025-08-30T19:04:01","date_gmt":"2025-08-30T19:04:01","guid":{"rendered":"https:\/\/jessence.hu\/?post_type=product&#038;p=345"},"modified":"2025-08-30T19:04:18","modified_gmt":"2025-08-30T19:04:18","slug":"ferfi-ezust-gyuru-tukorel","status":"publish","type":"product","link":"https:\/\/jessence.hu\/en\/product\/ferfi-ezust-gyuru-tukorel\/","title":{"rendered":"F\u00e9rfi ez\u00fcst gy\u0171r\u0171 \u2013 T\u00fck\u00f6r\u00e9l"},"content":{"rendered":"<p>Modern formavil\u00e1g \u00e9s letisztult elegancia tal\u00e1lkozik ebben a pol\u00edrozott ez\u00fcst darabban. A k\u00e9t finom, p\u00e1rhuzamos<br \/>\nd\u00edsz\u00edt\u0151vonal diszkr\u00e9t, m\u00e9gis l\u00e1tv\u00e1nyos r\u00e9szlet, amely karaktert ad a gy\u0171r\u0171nek. K\u00e9nyelmes viselet, id\u0151tlen st\u00edlus<br \/>\n\u2013 ide\u00e1lis v\u00e1laszt\u00e1s a h\u00e9tk\u00f6znapokra \u00e9s k\u00fcl\u00f6nleges alkalmakra egyar\u00e1nt. Minimalista megjelen\u00e9se \u00f6nmag\u00e1ban<br \/>\nis leny\u0171g\u00f6z\u0151, de m\u00e1s gy\u0171r\u0171kkel kombin\u00e1lva is t\u00f6k\u00e9letesen \u00e9rv\u00e9nyes\u00fcl.<\/p>","protected":false},"excerpt":{"rendered":"<p>Modern formavil\u00e1g \u00e9s letisztult elegancia tal\u00e1lkozik ebben a pol\u00edrozott ez\u00fcst darabban. A k\u00e9t finom, p\u00e1rhuzamos d\u00edsz\u00edt\u0151vonal diszkr\u00e9t, m\u00e9gis l\u00e1tv\u00e1nyos r\u00e9szlet, amely karaktert ad a gy\u0171r\u0171nek. K\u00e9nyelmes viselet, id\u0151tlen st\u00edlus \u2013 ide\u00e1lis v\u00e1laszt\u00e1s a h\u00e9tk\u00f6znapokra \u00e9s k\u00fcl\u00f6nleges alkalmakra egyar\u00e1nt. Minimalista megjelen\u00e9se \u00f6nmag\u00e1ban is leny\u0171g\u00f6z\u0151, de m\u00e1s gy\u0171r\u0171kkel kombin\u00e1lva is t\u00f6k\u00e9letesen \u00e9rv\u00e9nyes\u00fcl.<\/p>","protected":false},"featured_media":386,"comment_status":"closed","ping_status":"closed","template":"","meta":{"_acf_changed":false,"_seopress_robots_primary_cat":"none","_seopress_titles_title":"","_seopress_titles_desc":"","_seopress_robots_index":""},"product_brand":[],"product_cat":[24],"product_tag":[],"class_list":{"0":"post-345","1":"product","2":"type-product","3":"status-publish","4":"has-post-thumbnail","6":"product_cat-ferfi-ezust-gyuruk","8":"first","9":"instock","10":"purchasable","11":"product-type-simple"},"acf":[],"_links":{"self":[{"href":"https:\/\/jessence.hu\/en\/wp-json\/wp\/v2\/product\/345","targetHints":{"allow":["GET"]}}],"collection":[{"href":"https:\/\/jessence.hu\/en\/wp-json\/wp\/v2\/product"}],"about":[{"href":"https:\/\/jessence.hu\/en\/wp-json\/wp\/v2\/types\/product"}],"replies":[{"embeddable":true,"href":"https:\/\/jessence.hu\/en\/wp-json\/wp\/v2\/comments?post=345"}],"wp:featuredmedia":[{"embeddable":true,"href":"https:\/\/jessence.hu\/en\/wp-json\/wp\/v2\/media\/386"}],"wp:attachment":[{"href":"https:\/\/jessence.hu\/en\/wp-json\/wp\/v2\/media?parent=345"}],"wp:term":[{"taxonomy":"product_brand","embeddable":true,"href":"https:\/\/jessence.hu\/en\/wp-json\/wp\/v2\/product_brand?post=345"},{"taxonomy":"product_cat","embeddable":true,"href":"https:\/\/jessence.hu\/en\/wp-json\/wp\/v2\/product_cat?post=345"},{"taxonomy":"product_tag","embeddable":true,"href":"https:\/\/jessence.hu\/en\/wp-json\/wp\/v2\/product_tag?post=345"}],"curies":[{"name":"wp","href":"https:\/\/api.w.org\/{rel}","templated":true}]}}