{"id":339,"date":"2025-08-30T19:04:00","date_gmt":"2025-08-30T19:04:00","guid":{"rendered":"https:\/\/jessence.hu\/?post_type=product&#038;p=339"},"modified":"2025-08-30T19:04:10","modified_gmt":"2025-08-30T19:04:10","slug":"ferfi-ezust-gyuru-selyemszurke","status":"publish","type":"product","link":"https:\/\/jessence.hu\/en\/product\/ferfi-ezust-gyuru-selyemszurke\/","title":{"rendered":"F\u00e9rfi ez\u00fcst gy\u0171r\u0171 \u2013 Selyemsz\u00fcrke"},"content":{"rendered":"<p>Ez a gy\u0171r\u0171 letisztult formavil\u00e1g\u00e1val \u00e9s finom sz\u00e1lcsiszolt fel\u00fclet\u00e9vel a modern eleganci\u00e1t k\u00e9pviseli.<br \/>\nK\u00e9nyelmes bels\u0151 kialak\u00edt\u00e1sa biztos\u00edtja a kellemes viseletet eg\u00e9sz nap. A matt \u00e9s f\u00e9nyes fel\u00fcletek j\u00e1t\u00e9ka<br \/>\nk\u00fcl\u00f6nleges karaktert ad a darabnak. T\u00f6k\u00e9letes v\u00e1laszt\u00e1s azoknak, akik a visszafogott, m\u00e9gis st\u00edlusos \u00e9kszereket kedvelik.<\/p>","protected":false},"excerpt":{"rendered":"<p>Ez a gy\u0171r\u0171 letisztult formavil\u00e1g\u00e1val \u00e9s finom sz\u00e1lcsiszolt fel\u00fclet\u00e9vel a modern eleganci\u00e1t k\u00e9pviseli. K\u00e9nyelmes bels\u0151 kialak\u00edt\u00e1sa biztos\u00edtja a kellemes viseletet eg\u00e9sz nap. A matt \u00e9s f\u00e9nyes fel\u00fcletek j\u00e1t\u00e9ka k\u00fcl\u00f6nleges karaktert ad a darabnak. T\u00f6k\u00e9letes v\u00e1laszt\u00e1s azoknak, akik a visszafogott, m\u00e9gis st\u00edlusos \u00e9kszereket kedvelik.<\/p>","protected":false},"featured_media":367,"comment_status":"closed","ping_status":"closed","template":"","meta":{"_acf_changed":false,"_seopress_robots_primary_cat":"none","_seopress_titles_title":"","_seopress_titles_desc":"","_seopress_robots_index":""},"product_brand":[],"product_cat":[24],"product_tag":[],"class_list":{"0":"post-339","1":"product","2":"type-product","3":"status-publish","4":"has-post-thumbnail","6":"product_cat-ferfi-ezust-gyuruk","8":"first","9":"instock","10":"purchasable","11":"product-type-simple"},"acf":[],"_links":{"self":[{"href":"https:\/\/jessence.hu\/en\/wp-json\/wp\/v2\/product\/339","targetHints":{"allow":["GET"]}}],"collection":[{"href":"https:\/\/jessence.hu\/en\/wp-json\/wp\/v2\/product"}],"about":[{"href":"https:\/\/jessence.hu\/en\/wp-json\/wp\/v2\/types\/product"}],"replies":[{"embeddable":true,"href":"https:\/\/jessence.hu\/en\/wp-json\/wp\/v2\/comments?post=339"}],"wp:featuredmedia":[{"embeddable":true,"href":"https:\/\/jessence.hu\/en\/wp-json\/wp\/v2\/media\/367"}],"wp:attachment":[{"href":"https:\/\/jessence.hu\/en\/wp-json\/wp\/v2\/media?parent=339"}],"wp:term":[{"taxonomy":"product_brand","embeddable":true,"href":"https:\/\/jessence.hu\/en\/wp-json\/wp\/v2\/product_brand?post=339"},{"taxonomy":"product_cat","embeddable":true,"href":"https:\/\/jessence.hu\/en\/wp-json\/wp\/v2\/product_cat?post=339"},{"taxonomy":"product_tag","embeddable":true,"href":"https:\/\/jessence.hu\/en\/wp-json\/wp\/v2\/product_tag?post=339"}],"curies":[{"name":"wp","href":"https:\/\/api.w.org\/{rel}","templated":true}]}}