{"id":336,"date":"2025-08-30T19:04:00","date_gmt":"2025-08-30T19:04:00","guid":{"rendered":"https:\/\/jessence.hu\/?post_type=product&#038;p=336"},"modified":"2025-08-30T19:04:05","modified_gmt":"2025-08-30T19:04:05","slug":"ferfi-ezust-gyuru-alomgyuru","status":"publish","type":"product","link":"https:\/\/jessence.hu\/en\/product\/ferfi-ezust-gyuru-alomgyuru\/","title":{"rendered":"F\u00e9rfi ez\u00fcst gy\u0171r\u0171 \u2013 \u00c1lomgy\u0171r\u0171"},"content":{"rendered":"<p>Egy gy\u00f6ny\u00f6r\u0171, finom gy\u0171r\u0171, l\u00e9gies \u00e9s nyitott form\u00e1val.<br \/>\nKecses vonalai l\u00e1gyan csillognak, amikor \u00e1ts\u00fct rajta a f\u00e9ny.<br \/>\nA sima sz\u00e9lek miatt nagyon k\u00e9nyelmes viselni eg\u00e9sz nap.<br \/>\nKlasszikus st\u00edlus \u00e9s modern elegancia tal\u00e1lkozik benne. T\u00f6k\u00e9letes azoknak, akik szeretik<br \/>\na sz\u00e9p, apr\u00f3l\u00e9kos r\u00e9szleteket \u00e9s a finom megjelen\u00e9st.<\/p>","protected":false},"excerpt":{"rendered":"<p>Egy gy\u00f6ny\u00f6r\u0171, finom gy\u0171r\u0171, l\u00e9gies \u00e9s nyitott form\u00e1val. Kecses vonalai l\u00e1gyan csillognak, amikor \u00e1ts\u00fct rajta a f\u00e9ny. A sima sz\u00e9lek miatt nagyon k\u00e9nyelmes viselni eg\u00e9sz nap. Klasszikus st\u00edlus \u00e9s modern elegancia tal\u00e1lkozik benne. T\u00f6k\u00e9letes azoknak, akik szeretik a sz\u00e9p, apr\u00f3l\u00e9kos r\u00e9szleteket \u00e9s a finom megjelen\u00e9st.<\/p>","protected":false},"featured_media":356,"comment_status":"closed","ping_status":"closed","template":"","meta":{"_acf_changed":false,"_seopress_robots_primary_cat":"none","_seopress_titles_title":"","_seopress_titles_desc":"","_seopress_robots_index":""},"product_brand":[],"product_cat":[24],"product_tag":[],"class_list":{"0":"post-336","1":"product","2":"type-product","3":"status-publish","4":"has-post-thumbnail","6":"product_cat-ferfi-ezust-gyuruk","8":"first","9":"instock","10":"purchasable","11":"product-type-simple"},"acf":[],"_links":{"self":[{"href":"https:\/\/jessence.hu\/en\/wp-json\/wp\/v2\/product\/336","targetHints":{"allow":["GET"]}}],"collection":[{"href":"https:\/\/jessence.hu\/en\/wp-json\/wp\/v2\/product"}],"about":[{"href":"https:\/\/jessence.hu\/en\/wp-json\/wp\/v2\/types\/product"}],"replies":[{"embeddable":true,"href":"https:\/\/jessence.hu\/en\/wp-json\/wp\/v2\/comments?post=336"}],"wp:featuredmedia":[{"embeddable":true,"href":"https:\/\/jessence.hu\/en\/wp-json\/wp\/v2\/media\/356"}],"wp:attachment":[{"href":"https:\/\/jessence.hu\/en\/wp-json\/wp\/v2\/media?parent=336"}],"wp:term":[{"taxonomy":"product_brand","embeddable":true,"href":"https:\/\/jessence.hu\/en\/wp-json\/wp\/v2\/product_brand?post=336"},{"taxonomy":"product_cat","embeddable":true,"href":"https:\/\/jessence.hu\/en\/wp-json\/wp\/v2\/product_cat?post=336"},{"taxonomy":"product_tag","embeddable":true,"href":"https:\/\/jessence.hu\/en\/wp-json\/wp\/v2\/product_tag?post=336"}],"curies":[{"name":"wp","href":"https:\/\/api.w.org\/{rel}","templated":true}]}}