{"id":335,"date":"2025-08-30T19:04:00","date_gmt":"2025-08-30T19:04:00","guid":{"rendered":"https:\/\/jessence.hu\/?post_type=product&#038;p=335"},"modified":"2025-08-30T19:04:04","modified_gmt":"2025-08-30T19:04:04","slug":"ferfi-ezust-gyuru-eletgyuru","status":"publish","type":"product","link":"https:\/\/jessence.hu\/en\/product\/ferfi-ezust-gyuru-eletgyuru\/","title":{"rendered":"F\u00e9rfi ez\u00fcst gy\u0171r\u0171 \u2013 \u00c9letgy\u0171r\u0171"},"content":{"rendered":"<p>Ez a modern karikagy\u0171r\u0171 pol\u00edrozott f\u00e9mb\u0151l k\u00e9sz\u00fclt, \u00e9s egy k\u00fcl\u00f6nleges, sz\u00edvver\u00e9s mint\u00e1j\u00fa grav\u00edroz\u00e1s d\u00edsz\u00edti.<br \/>\nK\u00edm\u00e9letes kialak\u00edt\u00e1s\u00e1nak k\u00f6sz\u00f6nhet\u0151en sima \u00e9lei eg\u00e9sz napos viseletre teszik alkalmass\u00e1.<br \/>\nA design az \u00f6r\u00f6k \u00f6sszhangot \u00e9s a k\u00f6z\u00f6s ritmust jelk\u00e9pezi.<br \/>\nIde\u00e1lis v\u00e1laszt\u00e1s azoknak a p\u00e1roknak, akik a finom eleganci\u00e1t \u00e9s a m\u00e9ly jelent\u00e9st egyar\u00e1nt \u00e9rt\u00e9kelik.<br \/>\nEgy id\u0151t\u00e1ll\u00f3 \u00e9kszer, mely a st\u00edlus, az \u00e9rzelem \u00e9s a kifinomults\u00e1g t\u00f6k\u00e9letes harm\u00f3ni\u00e1j\u00e1t k\u00edn\u00e1lja.<\/p>","protected":false},"excerpt":{"rendered":"<p>Ez a modern karikagy\u0171r\u0171 pol\u00edrozott f\u00e9mb\u0151l k\u00e9sz\u00fclt, \u00e9s egy k\u00fcl\u00f6nleges, sz\u00edvver\u00e9s mint\u00e1j\u00fa grav\u00edroz\u00e1s d\u00edsz\u00edti. K\u00edm\u00e9letes kialak\u00edt\u00e1s\u00e1nak k\u00f6sz\u00f6nhet\u0151en sima \u00e9lei eg\u00e9sz napos viseletre teszik alkalmass\u00e1. A design az \u00f6r\u00f6k \u00f6sszhangot \u00e9s a k\u00f6z\u00f6s ritmust jelk\u00e9pezi. Ide\u00e1lis v\u00e1laszt\u00e1s azoknak a p\u00e1roknak, akik a finom eleganci\u00e1t \u00e9s a m\u00e9ly jelent\u00e9st egyar\u00e1nt \u00e9rt\u00e9kelik. Egy id\u0151t\u00e1ll\u00f3 \u00e9kszer, mely a st\u00edlus, [&hellip;]<\/p>","protected":false},"featured_media":352,"comment_status":"closed","ping_status":"closed","template":"","meta":{"_acf_changed":false,"_seopress_robots_primary_cat":"none","_seopress_titles_title":"","_seopress_titles_desc":"","_seopress_robots_index":""},"product_brand":[],"product_cat":[24],"product_tag":[],"class_list":{"0":"post-335","1":"product","2":"type-product","3":"status-publish","4":"has-post-thumbnail","6":"product_cat-ferfi-ezust-gyuruk","8":"first","9":"instock","10":"purchasable","11":"product-type-simple"},"acf":[],"_links":{"self":[{"href":"https:\/\/jessence.hu\/en\/wp-json\/wp\/v2\/product\/335","targetHints":{"allow":["GET"]}}],"collection":[{"href":"https:\/\/jessence.hu\/en\/wp-json\/wp\/v2\/product"}],"about":[{"href":"https:\/\/jessence.hu\/en\/wp-json\/wp\/v2\/types\/product"}],"replies":[{"embeddable":true,"href":"https:\/\/jessence.hu\/en\/wp-json\/wp\/v2\/comments?post=335"}],"wp:featuredmedia":[{"embeddable":true,"href":"https:\/\/jessence.hu\/en\/wp-json\/wp\/v2\/media\/352"}],"wp:attachment":[{"href":"https:\/\/jessence.hu\/en\/wp-json\/wp\/v2\/media?parent=335"}],"wp:term":[{"taxonomy":"product_brand","embeddable":true,"href":"https:\/\/jessence.hu\/en\/wp-json\/wp\/v2\/product_brand?post=335"},{"taxonomy":"product_cat","embeddable":true,"href":"https:\/\/jessence.hu\/en\/wp-json\/wp\/v2\/product_cat?post=335"},{"taxonomy":"product_tag","embeddable":true,"href":"https:\/\/jessence.hu\/en\/wp-json\/wp\/v2\/product_tag?post=335"}],"curies":[{"name":"wp","href":"https:\/\/api.w.org\/{rel}","templated":true}]}}